{"id":23575,"date":"2021-06-01T12:04:15","date_gmt":"2021-06-01T11:04:15","guid":{"rendered":"https:\/\/oscarbotella.com\/producto\/kapital\/"},"modified":"2023-01-31T15:51:18","modified_gmt":"2023-01-31T14:51:18","slug":"kapital","status":"publish","type":"product","link":"https:\/\/oscarbotella.com\/en\/producto\/kapital\/","title":{"rendered":"KAPITAL"},"content":{"rendered":"","protected":false},"excerpt":{"rendered":"<p>Base de ante caprino acabado con gliter metalizado en diferentes tonos. Perfecta para su utilizaci\u00f3n la producci\u00f3n de calzado y art\u00edculos de marroquiner\u00eda. Tacto suave. Grosor 1-1.1 mm.<\/p>\n","protected":false},"featured_media":23570,"template":"","meta":[],"product_cat":[613,613],"product_tag":[],"_links":{"self":[{"href":"https:\/\/oscarbotella.com\/en\/wp-json\/wp\/v2\/product\/23575"}],"collection":[{"href":"https:\/\/oscarbotella.com\/en\/wp-json\/wp\/v2\/product"}],"about":[{"href":"https:\/\/oscarbotella.com\/en\/wp-json\/wp\/v2\/types\/product"}],"wp:featuredmedia":[{"embeddable":true,"href":"https:\/\/oscarbotella.com\/en\/wp-json\/wp\/v2\/media\/23570"}],"wp:attachment":[{"href":"https:\/\/oscarbotella.com\/en\/wp-json\/wp\/v2\/media?parent=23575"}],"wp:term":[{"taxonomy":"product_cat","embeddable":true,"href":"https:\/\/oscarbotella.com\/en\/wp-json\/wp\/v2\/product_cat?post=23575"},{"taxonomy":"product_tag","embeddable":true,"href":"https:\/\/oscarbotella.com\/en\/wp-json\/wp\/v2\/product_tag?post=23575"}],"curies":[{"name":"wp","href":"https:\/\/api.w.org\/{rel}","templated":true}]}}